{"id":947,"date":"2014-10-24T22:07:01","date_gmt":"2014-10-24T20:07:01","guid":{"rendered":"http:\/\/www.nvk-solutions.be\/?page_id=947"},"modified":"2019-12-12T13:11:35","modified_gmt":"2019-12-12T12:11:35","slug":"verkoopvoorwaarden","status":"publish","type":"page","link":"https:\/\/www.nvk-solutions.be\/fr\/verkoopvoorwaarden\/","title":{"rendered":"Conditions generales de vente"},"content":{"rendered":"<ol>\n<li><span lang=\"fr-BE\">Une vente est conclue d\u00e8s commande orale de l\u2019acheteur et acceptation du vendeur . Le d\u00e9but de l\u2019ex\u00e9cution fait foi de confirmation de commande.<\/span><\/li>\n<li><span lang=\"fr-BE\">Toute annulation d\u2019une commande doit avoir lieu oralement ou par \u00e9crit. Les conditions particuli\u00e8res relatives \u00e0 une annulation de commande sont mentionn\u00e9es dans nos conditions de vente.<\/span><\/li>\n<li><span lang=\"fr-BE\">Les d\u00e9lais de livraison sont mentionn\u00e9s seulement \u00e0 titre indicatif et n\u2019ont pas la signification de d\u00e9lais fixes. Le d\u00e9passement du d\u00e9lai de livraison de la commande ne donnera pas droit \u00e0 une indemnit\u00e9 ou r\u00e9siliation de l\u2019accord.<\/span><\/li>\n<li><span lang=\"fr-BE\">Tout manquement \u00e9ventuel des fournitures sera \u00e9valu\u00e9 par rapport aux normes du fournisseur. <\/span><\/li>\n<li><span lang=\"fr-BE\">Les fiches de s\u00e9curit\u00e9 et leur annexe peuvent \u00eatre obtenues sur simple demande chez NVK.<br \/>\nVotre commande implique d\u00e8s lors que vous ayez pris connaissance des fiches de s\u00e9curit\u00e9 et de leur annexe.<br \/>\nEn cas de probl\u00e8me, veuillez nous contacter.<\/span><\/li>\n<li><span lang=\"fr-BE\">L\u2019acheteur proc\u00e8de \u00e0 l\u2019acceptation imm\u00e9diate des fournitures par leur contr\u00f4le. Toute plainte est recevable si envoy\u00e9e par courrier recommand\u00e9. Toute plainte formul\u00e9e plus de 24 heures apr\u00e8s livraison ne seront pas accept\u00e9es.<\/span><\/li>\n<li><span lang=\"fr-BE\">Tout vice cach\u00e9 fera l\u2019objet d\u2019une r\u00e9tribution si signal\u00e9 par courrier recommand\u00e9 end\u00e9ans le mois apr\u00e8s la date de livraison.<\/span><\/li>\n<li><span lang=\"fr-BE\">Toute Europalette non retourn\u00e9 sera factur\u00e9e. Pour obtenir le remboursement, le client doit les retourner dans un d\u00e9lai d\u2019un an \u00e0 dater de la livraison.<\/span><\/li>\n<li><span lang=\"fr-BE\">Les fournitures livr\u00e9es restent la propri\u00e9t\u00e9 du vendeur jusqu\u2019\u00e0 paiement complet de la facture du prix de vente additionn\u00e9 des frais et int\u00e9r\u00eats. <\/span><\/li>\n<li><span lang=\"fr-BE\">Vos conditions de d\u00e9chargement (logistique et s\u00e9curit\u00e9) doivent nous parvenir 48 heures avant la premi\u00e8re livraison. En cas de d\u2019absence de conditions de d\u00e9chargement sp\u00e9cifiques sign\u00e9es par les parties, le d\u00e9chargement aura lieu sous la surveillance et responsabilit\u00e9 du client.<\/span><\/li>\n<li><span lang=\"fr-BE\">Les risques relatifs aux fournitures est \u00e0 charge du client \u00e0 partir du chargement chez le fournisseur. <\/span><\/li>\n<li><span lang=\"fr-BE\">Lorsque les fournitures sont stock\u00e9es sur un site lou\u00e9, l\u2019acheteur en avertira le vendeur . Il fournira au vendeur l\u2019identit\u00e9, l\u2019adresse et du propri\u00e9taire du site.<\/span><\/li>\n<li><span lang=\"fr-BE\">Nos factures sont payables comptant sauf autres d\u00e9rogations \u00e9crites.<\/span><\/li>\n<li><span lang=\"fr-BE\">Toute facture non pay\u00e9e \u00e0 l\u2019\u00e9ch\u00e9ance donne droit sans mise en demeure \u00e0 la perception d\u2019une indemnit\u00e9 forfaitaire de 10% avec un minimum de 50 \u20ac et des int\u00e9r\u00eats de retard de 12% par an.<\/span><\/li>\n<li><span lang=\"fr-BE\">En cas de contestation, les tribunaux de la ville de Hasselt seront seuls comp\u00e9tents et le droit belge sera toujours d\u2019application.<\/span><\/li>\n<li><span lang=\"fr-BE\">Toute plainte relative \u00e0 une facture doit nous parvenir end\u00e9ans les 8 jours ouvrables apr\u00e8s r\u00e9ception de la facture.<\/span><\/li>\n<\/ol>\n","protected":false},"excerpt":{"rendered":"<p>Une vente est conclue d\u00e8s commande orale de l\u2019acheteur et acceptation du vendeur . Le d\u00e9but de l\u2019ex\u00e9cution fait foi de confirmation de commande. Toute annulation d\u2019une commande doit avoir lieu oralement ou par \u00e9crit. Les conditions particuli\u00e8res relatives \u00e0 une annulation de commande sont mentionn\u00e9es dans nos conditions de vente. Les d\u00e9lais de livraison<\/p>\n","protected":false},"author":4888,"featured_media":0,"parent":0,"menu_order":0,"comment_status":"closed","ping_status":"closed","template":"template-full.php","meta":[],"translation":{"provider":"WPGlobus","version":"2.8.11","language":"fr","enabled_languages":["nl","fr"],"languages":{"nl":{"title":true,"content":true,"excerpt":false},"fr":{"title":true,"content":true,"excerpt":false}}},"yoast_head":"<!-- This site is optimized with the Yoast SEO plugin v18.9 - https:\/\/yoast.com\/wordpress\/plugins\/seo\/ -->\n<title>Conditions generales de vente - NVK Solutions - Ongebluste kalk &amp; Cement voor Grondstabilisatie<\/title>\n<meta name=\"robots\" content=\"index, follow, max-snippet:-1, max-image-preview:large, max-video-preview:-1\" \/>\n<link rel=\"canonical\" href=\"https:\/\/www.nvk-solutions.be\/verkoopvoorwaarden\/\" \/>\n<meta property=\"og:locale\" content=\"fr_FR\" \/>\n<meta property=\"og:type\" content=\"article\" \/>\n<meta property=\"og:title\" content=\"Conditions generales de vente - NVK Solutions - Ongebluste kalk &amp; Cement voor Grondstabilisatie\" \/>\n<meta property=\"og:url\" content=\"https:\/\/www.nvk-solutions.be\/verkoopvoorwaarden\/\" \/>\n<meta property=\"og:site_name\" content=\"NVK Solutions - Ongebluste kalk &amp; Cement voor Grondstabilisatie\" \/>\n<meta property=\"article:modified_time\" content=\"2019-12-12T12:11:35+00:00\" \/>\n<meta name=\"twitter:label1\" content=\"Dur\u00e9e de lecture estim\u00e9e\" \/>\n\t<meta name=\"twitter:data1\" content=\"4 minutes\" \/>\n<script type=\"application\/ld+json\" class=\"yoast-schema-graph\">{\"@context\":\"https:\/\/schema.org\",\"@graph\":[{\"@type\":\"WebSite\",\"@id\":\"https:\/\/www.nvk-solutions.be\/#website\",\"url\":\"https:\/\/www.nvk-solutions.be\/\",\"name\":\"NVK Solutions - Ongebluste kalk &amp; Cement voor Grondstabilisatie\",\"description\":\"Onze ervaring, uw voordeel!\",\"potentialAction\":[{\"@type\":\"SearchAction\",\"target\":{\"@type\":\"EntryPoint\",\"urlTemplate\":\"https:\/\/www.nvk-solutions.be\/?s={search_term_string}\"},\"query-input\":\"required name=search_term_string\"}],\"inLanguage\":\"fr-FR\"},{\"@type\":\"WebPage\",\"@id\":\"https:\/\/www.nvk-solutions.be\/verkoopvoorwaarden\/#webpage\",\"url\":\"https:\/\/www.nvk-solutions.be\/verkoopvoorwaarden\/\",\"name\":\"Conditions generales de vente - NVK Solutions - Ongebluste kalk &amp; Cement voor Grondstabilisatie\",\"isPartOf\":{\"@id\":\"https:\/\/www.nvk-solutions.be\/#website\"},\"datePublished\":\"2014-10-24T20:07:01+00:00\",\"dateModified\":\"2019-12-12T12:11:35+00:00\",\"breadcrumb\":{\"@id\":\"https:\/\/www.nvk-solutions.be\/verkoopvoorwaarden\/#breadcrumb\"},\"inLanguage\":\"fr-FR\",\"potentialAction\":[{\"@type\":\"ReadAction\",\"target\":[\"https:\/\/www.nvk-solutions.be\/verkoopvoorwaarden\/\"]}]},{\"@type\":\"BreadcrumbList\",\"@id\":\"https:\/\/www.nvk-solutions.be\/verkoopvoorwaarden\/#breadcrumb\",\"itemListElement\":[{\"@type\":\"ListItem\",\"position\":1,\"name\":\"Verkoopvoorwaarden\"}]}]}<\/script>\n<!-- \/ Yoast SEO plugin. -->","yoast_head_json":{"title":"Conditions generales de vente - NVK Solutions - Ongebluste kalk &amp; Cement voor Grondstabilisatie","robots":{"index":"index","follow":"follow","max-snippet":"max-snippet:-1","max-image-preview":"max-image-preview:large","max-video-preview":"max-video-preview:-1"},"canonical":"https:\/\/www.nvk-solutions.be\/verkoopvoorwaarden\/","og_locale":"fr_FR","og_type":"article","og_title":"Conditions generales de vente - NVK Solutions - Ongebluste kalk &amp; Cement voor Grondstabilisatie","og_url":"https:\/\/www.nvk-solutions.be\/verkoopvoorwaarden\/","og_site_name":"NVK Solutions - Ongebluste kalk &amp; Cement voor Grondstabilisatie","article_modified_time":"2019-12-12T12:11:35+00:00","twitter_misc":{"Dur\u00e9e de lecture estim\u00e9e":"4 minutes"},"schema":{"@context":"https:\/\/schema.org","@graph":[{"@type":"WebSite","@id":"https:\/\/www.nvk-solutions.be\/#website","url":"https:\/\/www.nvk-solutions.be\/","name":"NVK Solutions - Ongebluste kalk &amp; Cement voor Grondstabilisatie","description":"Onze ervaring, uw voordeel!","potentialAction":[{"@type":"SearchAction","target":{"@type":"EntryPoint","urlTemplate":"https:\/\/www.nvk-solutions.be\/?s={search_term_string}"},"query-input":"required name=search_term_string"}],"inLanguage":"fr-FR"},{"@type":"WebPage","@id":"https:\/\/www.nvk-solutions.be\/verkoopvoorwaarden\/#webpage","url":"https:\/\/www.nvk-solutions.be\/verkoopvoorwaarden\/","name":"Conditions generales de vente - NVK Solutions - Ongebluste kalk &amp; Cement voor Grondstabilisatie","isPartOf":{"@id":"https:\/\/www.nvk-solutions.be\/#website"},"datePublished":"2014-10-24T20:07:01+00:00","dateModified":"2019-12-12T12:11:35+00:00","breadcrumb":{"@id":"https:\/\/www.nvk-solutions.be\/verkoopvoorwaarden\/#breadcrumb"},"inLanguage":"fr-FR","potentialAction":[{"@type":"ReadAction","target":["https:\/\/www.nvk-solutions.be\/verkoopvoorwaarden\/"]}]},{"@type":"BreadcrumbList","@id":"https:\/\/www.nvk-solutions.be\/verkoopvoorwaarden\/#breadcrumb","itemListElement":[{"@type":"ListItem","position":1,"name":"Verkoopvoorwaarden"}]}]}},"_links":{"self":[{"href":"https:\/\/www.nvk-solutions.be\/fr\/wp-json\/wp\/v2\/pages\/947"}],"collection":[{"href":"https:\/\/www.nvk-solutions.be\/fr\/wp-json\/wp\/v2\/pages"}],"about":[{"href":"https:\/\/www.nvk-solutions.be\/fr\/wp-json\/wp\/v2\/types\/page"}],"author":[{"embeddable":true,"href":"https:\/\/www.nvk-solutions.be\/fr\/wp-json\/wp\/v2\/users\/4888"}],"replies":[{"embeddable":true,"href":"https:\/\/www.nvk-solutions.be\/fr\/wp-json\/wp\/v2\/comments?post=947"}],"version-history":[{"count":13,"href":"https:\/\/www.nvk-solutions.be\/fr\/wp-json\/wp\/v2\/pages\/947\/revisions"}],"predecessor-version":[{"id":1149,"href":"https:\/\/www.nvk-solutions.be\/fr\/wp-json\/wp\/v2\/pages\/947\/revisions\/1149"}],"wp:attachment":[{"href":"https:\/\/www.nvk-solutions.be\/fr\/wp-json\/wp\/v2\/media?parent=947"}],"curies":[{"name":"wp","href":"https:\/\/api.w.org\/{rel}","templated":true}]}}