{"id":347,"date":"2013-04-16T12:00:53","date_gmt":"2013-04-16T10:00:53","guid":{"rendered":"http:\/\/www.demo.purethemes.net\/centum\/?page_id=6"},"modified":"2017-11-07T09:25:11","modified_gmt":"2017-11-07T08:25:11","slug":"home","status":"publish","type":"page","link":"https:\/\/www.nvk-solutions.be\/fr\/","title":{"rendered":"Bienvenue"},"content":{"rendered":"<div class=\"column one-third   \"> <div class=\"featured-box  homepage\"><div class=\"circle\"><i class=\"fa fa-ico-glass\" style=\"color:blue\"><\/i><span><\/span><\/div><div class=\"featured-desc\"><h3>Mati\u00e8res premi\u00e8res<\/h3><p>Nous livrons depuis plus de 10 ans des mati\u00e8res premi\u00e8res durables et de qualit\u00e9.<\/p><\/div><\/div> <\/div>\n<div class=\"column one-third   \"> <div class=\"featured-box  homepage\"><div class=\"circle\"><i class=\"fa fa-ico-glass\"><\/i><span><\/span><\/div><div class=\"featured-desc\"><h3>Livraison rapide<\/h3><p>D\u00e9lais courts ? Nous essayons de vous aider le plus rapidement possible.<\/p><\/div><\/div> <\/div>\n<div class=\"column one-third  omega\"> <div class=\"featured-box  homepage\"><div class=\"circle\"><i class=\"fa fa-ico-glass\"><\/i><span><\/span><\/div><div class=\"featured-desc\"><h3>Avis technique sur mesure<\/h3><p>NVK Solutions recherche les mati\u00e8res premi\u00e8res les mieux adapt\u00e9es \u00e0 votre projet.<\/p><\/div><\/div> <\/div><br class=\"clear\" \/>\n<p><div class=\"columns sixteen   \"><div class=\"headline low-margin\"><h3>Notre offre en mati\u00e8res premi\u00e8res<\/h3><\/div><\/div><br \/>\n<div class=\"four columns\"><div class=\"picture\"><a href=\"https:\/\/www.nvk-solutions.be\/fr\/portfolio\/kalksteengranulaten\/\"><img width=\"300\" height=\"200\" src=\"https:\/\/www.nvk-solutions.be\/wp-content\/uploads\/2013\/04\/kalksteengranulaten-300x200.png\" class=\"attachment-portfolio-thumb size-portfolio-thumb wp-post-image\" alt=\"Kalksteengranulaten\" loading=\"lazy\" \/><div class=\"image-overlay-link\"><\/div><\/a><\/div> <div class=\"item-description\"><h5><a href=\"https:\/\/www.nvk-solutions.be\/fr\/portfolio\/kalksteengranulaten\/\">Granulats calcaire<\/a><\/h5><p>Les granulats calcaire (CaCO\u2083) sont disponibles en diff\u00e9rents calibres.<\/p><\/div><\/div><div class=\"four columns\"><div class=\"picture\"><a href=\"https:\/\/www.nvk-solutions.be\/fr\/portfolio\/ongebluste-kalk\/\"><img width=\"300\" height=\"200\" src=\"https:\/\/www.nvk-solutions.be\/wp-content\/uploads\/2013\/04\/grondstabilisatie1-300x200.png\" class=\"attachment-portfolio-thumb size-portfolio-thumb wp-post-image\" alt=\"Grondstabilisatie met ongebluste kalk.\" loading=\"lazy\" \/><div class=\"image-overlay-link\"><\/div><\/a><\/div> <div class=\"item-description\"><h5><a href=\"https:\/\/www.nvk-solutions.be\/fr\/portfolio\/ongebluste-kalk\/\">Chaux Vive<\/a><\/h5><p>La chaux vive (CaO) est disponible en vrac ou en big-bags.<\/p><\/div><\/div><div class=\"four columns\"><div class=\"picture\"><a href=\"https:\/\/www.nvk-solutions.be\/fr\/portfolio\/cement\/\"><img width=\"300\" height=\"200\" src=\"https:\/\/www.nvk-solutions.be\/wp-content\/uploads\/2013\/04\/nvk-cement.jpg\" class=\"attachment-portfolio-thumb size-portfolio-thumb wp-post-image\" alt=\"\" loading=\"lazy\" \/><div class=\"image-overlay-link\"><\/div><\/a><\/div> <div class=\"item-description\"><h5><a href=\"https:\/\/www.nvk-solutions.be\/fr\/portfolio\/cement\/\">Ciment<\/a><\/h5><p>Le ciment est fourni en vrac ou en sacs.<\/p><\/div><\/div><div class=\"four columns\"><div class=\"picture\"><a href=\"https:\/\/www.nvk-solutions.be\/fr\/portfolio\/stabisol\/\"><img width=\"300\" height=\"200\" src=\"https:\/\/www.nvk-solutions.be\/wp-content\/uploads\/2013\/04\/willebroek-300x200.png\" class=\"attachment-portfolio-thumb size-portfolio-thumb wp-post-image\" alt=\"\" loading=\"lazy\" \/><div class=\"image-overlay-link\"><\/div><\/a><\/div> <div class=\"item-description\"><h5><a href=\"https:\/\/www.nvk-solutions.be\/fr\/portfolio\/stabisol\/\">Stabisol<\/a><\/h5><p>Stabisol (CaO\u2013SiO\u2082) est fourni en vrac ou en big-bags.<\/p><\/div><\/div><div class=\"clearfix\"><\/div><\/p>\n","protected":false},"excerpt":{"rendered":"","protected":false},"author":4888,"featured_media":0,"parent":0,"menu_order":0,"comment_status":"closed","ping_status":"closed","template":"template-home.php","meta":[],"translation":{"provider":"WPGlobus","version":"2.8.11","language":"fr","enabled_languages":["nl","fr"],"languages":{"nl":{"title":true,"content":true,"excerpt":false},"fr":{"title":true,"content":true,"excerpt":false}}},"yoast_head":"<!-- This site is optimized with the Yoast SEO plugin v18.9 - https:\/\/yoast.com\/wordpress\/plugins\/seo\/ -->\n<title>Bienvenue - NVK Solutions - Ongebluste kalk &amp; Cement voor Grondstabilisatie<\/title>\n<meta name=\"robots\" content=\"index, follow, max-snippet:-1, max-image-preview:large, max-video-preview:-1\" \/>\n<link rel=\"canonical\" href=\"https:\/\/www.nvk-solutions.be\/\" \/>\n<meta property=\"og:locale\" content=\"fr_FR\" \/>\n<meta property=\"og:type\" content=\"article\" \/>\n<meta property=\"og:title\" content=\"Bienvenue - NVK Solutions - Ongebluste kalk &amp; Cement voor Grondstabilisatie\" \/>\n<meta property=\"og:url\" content=\"https:\/\/www.nvk-solutions.be\/\" \/>\n<meta property=\"og:site_name\" content=\"NVK Solutions - Ongebluste kalk &amp; Cement voor Grondstabilisatie\" \/>\n<meta property=\"article:modified_time\" content=\"2017-11-07T08:25:11+00:00\" \/>\n<meta name=\"twitter:label1\" content=\"Dur\u00e9e de lecture estim\u00e9e\" \/>\n\t<meta name=\"twitter:data1\" content=\"1 minute\" \/>\n<script type=\"application\/ld+json\" class=\"yoast-schema-graph\">{\"@context\":\"https:\/\/schema.org\",\"@graph\":[{\"@type\":\"WebSite\",\"@id\":\"https:\/\/www.nvk-solutions.be\/#website\",\"url\":\"https:\/\/www.nvk-solutions.be\/\",\"name\":\"NVK Solutions - Ongebluste kalk &amp; Cement voor Grondstabilisatie\",\"description\":\"Onze ervaring, uw voordeel!\",\"potentialAction\":[{\"@type\":\"SearchAction\",\"target\":{\"@type\":\"EntryPoint\",\"urlTemplate\":\"https:\/\/www.nvk-solutions.be\/?s={search_term_string}\"},\"query-input\":\"required name=search_term_string\"}],\"inLanguage\":\"fr-FR\"},{\"@type\":\"WebPage\",\"@id\":\"https:\/\/www.nvk-solutions.be\/#webpage\",\"url\":\"https:\/\/www.nvk-solutions.be\/\",\"name\":\"Bienvenue - NVK Solutions - Ongebluste kalk &amp; Cement voor Grondstabilisatie\",\"isPartOf\":{\"@id\":\"https:\/\/www.nvk-solutions.be\/#website\"},\"datePublished\":\"2013-04-16T10:00:53+00:00\",\"dateModified\":\"2017-11-07T08:25:11+00:00\",\"description\":\"Levering van kalksteengranulaten, ongebluste kalk, cement & Stabisol-Mix voor de bouwindustrie en grondstabilisatie.\",\"breadcrumb\":{\"@id\":\"https:\/\/www.nvk-solutions.be\/#breadcrumb\"},\"inLanguage\":\"fr-FR\",\"potentialAction\":[{\"@type\":\"ReadAction\",\"target\":[\"https:\/\/www.nvk-solutions.be\/\"]}]},{\"@type\":\"BreadcrumbList\",\"@id\":\"https:\/\/www.nvk-solutions.be\/#breadcrumb\",\"itemListElement\":[{\"@type\":\"ListItem\",\"position\":1,\"name\":\"Welkom\"}]}]}<\/script>\n<!-- \/ Yoast SEO plugin. -->","yoast_head_json":{"title":"Bienvenue - NVK Solutions - Ongebluste kalk &amp; Cement voor Grondstabilisatie","robots":{"index":"index","follow":"follow","max-snippet":"max-snippet:-1","max-image-preview":"max-image-preview:large","max-video-preview":"max-video-preview:-1"},"canonical":"https:\/\/www.nvk-solutions.be\/","og_locale":"fr_FR","og_type":"article","og_title":"Bienvenue - NVK Solutions - Ongebluste kalk &amp; Cement voor Grondstabilisatie","og_url":"https:\/\/www.nvk-solutions.be\/","og_site_name":"NVK Solutions - Ongebluste kalk &amp; Cement voor Grondstabilisatie","article_modified_time":"2017-11-07T08:25:11+00:00","twitter_misc":{"Dur\u00e9e de lecture estim\u00e9e":"1 minute"},"schema":{"@context":"https:\/\/schema.org","@graph":[{"@type":"WebSite","@id":"https:\/\/www.nvk-solutions.be\/#website","url":"https:\/\/www.nvk-solutions.be\/","name":"NVK Solutions - Ongebluste kalk &amp; Cement voor Grondstabilisatie","description":"Onze ervaring, uw voordeel!","potentialAction":[{"@type":"SearchAction","target":{"@type":"EntryPoint","urlTemplate":"https:\/\/www.nvk-solutions.be\/?s={search_term_string}"},"query-input":"required name=search_term_string"}],"inLanguage":"fr-FR"},{"@type":"WebPage","@id":"https:\/\/www.nvk-solutions.be\/#webpage","url":"https:\/\/www.nvk-solutions.be\/","name":"Bienvenue - NVK Solutions - Ongebluste kalk &amp; Cement voor Grondstabilisatie","isPartOf":{"@id":"https:\/\/www.nvk-solutions.be\/#website"},"datePublished":"2013-04-16T10:00:53+00:00","dateModified":"2017-11-07T08:25:11+00:00","description":"Levering van kalksteengranulaten, ongebluste kalk, cement & Stabisol-Mix voor de bouwindustrie en grondstabilisatie.","breadcrumb":{"@id":"https:\/\/www.nvk-solutions.be\/#breadcrumb"},"inLanguage":"fr-FR","potentialAction":[{"@type":"ReadAction","target":["https:\/\/www.nvk-solutions.be\/"]}]},{"@type":"BreadcrumbList","@id":"https:\/\/www.nvk-solutions.be\/#breadcrumb","itemListElement":[{"@type":"ListItem","position":1,"name":"Welkom"}]}]}},"_links":{"self":[{"href":"https:\/\/www.nvk-solutions.be\/fr\/wp-json\/wp\/v2\/pages\/347"}],"collection":[{"href":"https:\/\/www.nvk-solutions.be\/fr\/wp-json\/wp\/v2\/pages"}],"about":[{"href":"https:\/\/www.nvk-solutions.be\/fr\/wp-json\/wp\/v2\/types\/page"}],"author":[{"embeddable":true,"href":"https:\/\/www.nvk-solutions.be\/fr\/wp-json\/wp\/v2\/users\/4888"}],"replies":[{"embeddable":true,"href":"https:\/\/www.nvk-solutions.be\/fr\/wp-json\/wp\/v2\/comments?post=347"}],"version-history":[{"count":51,"href":"https:\/\/www.nvk-solutions.be\/fr\/wp-json\/wp\/v2\/pages\/347\/revisions"}],"predecessor-version":[{"id":1123,"href":"https:\/\/www.nvk-solutions.be\/fr\/wp-json\/wp\/v2\/pages\/347\/revisions\/1123"}],"wp:attachment":[{"href":"https:\/\/www.nvk-solutions.be\/fr\/wp-json\/wp\/v2\/media?parent=347"}],"curies":[{"name":"wp","href":"https:\/\/api.w.org\/{rel}","templated":true}]}}