{"id":21,"date":"2013-04-16T14:00:33","date_gmt":"2013-04-16T12:00:33","guid":{"rendered":"http:\/\/www.demo.purethemes.net\/centum\/?page_id=21"},"modified":"2014-10-29T11:14:24","modified_gmt":"2014-10-29T10:14:24","slug":"over-nvk","status":"publish","type":"page","link":"https:\/\/www.nvk-solutions.be\/fr\/over-nvk\/","title":{"rendered":"Qui sommes-nous ?"},"content":{"rendered":"<p><div class=\"column two-thirds  alpha\"><div class=\"headline no-margin\"><h4>Historique<\/h4><\/div><\/p>\n<p><strong>2003<\/strong> Suite \u00e0 ces activit\u00e9s dans l\u2019industrie du b\u00e9ton durant 15 ans comme dirigeant au sein de HOVA, Val\u00e8re Nelissen cr\u00e9e la soci\u00e9t\u00e9 NVK SA. Son activit\u00e9 est la livraison de ciment aux producteurs de b\u00e9ton et aux n\u00e9gociants en mat\u00e9riaux de construction.<\/p>\n<p><strong>2004<\/strong> D\u00e9veloppement des activit\u00e9s avec la vente de granulats calcaire pour fondations et mati\u00e8res premi\u00e8res pour b\u00e9ton.<\/p>\n<p><strong>2005<\/strong> NVK est \u00e9galement pr\u00e9sent dans le secteur du recyclage et de la construction routi\u00e8re.<\/p>\n<p><strong>2006<\/strong> NVK d\u00e9veloppe ses activit\u00e9s de stabilisation de sols \u00e0 la chaux et au ciment. Ces activit\u00e9s impliquent aussi une adaptation du nom de la soci\u00e9t\u00e9 qui devient NVK <strong>Sol<\/strong>utions (Sol).<\/p>\n<p><strong>2007<\/strong> NVK Solutions d\u00e9veloppe \u00e0 nouveau ses activit\u00e9s par la fourniture de chaux vive dans les domaines de la stabilisation de sols et la sid\u00e9rurgie.<\/p>\n<p><strong>2013<\/strong> Actuellement, NVK Solutions est depuis 10 ans un fournisseur appr\u00e9ci\u00e9 dans le domaine de la construction et de l\u2019industrie.<\/p>\n<p><strong>2014<\/strong> A l\u2019avenir, NVK Solutions continuera \u00e0 soutenir ses clients actuels et futurs selon leurs besoins et d\u00e9sid\u00e9ratas. Depuis cette fin d\u2019ann\u00e9e, nous vous proposons \u00e9galement une assistance technique dans vos choix de liants.<\/p>\n<p><\/div> <div class=\"column one-third  omega\"> <div class=\"headline no-margin\"><h4> Notre exp\u00e9rience, votre avantage !<\/h4><\/div><div class=\"large-notice\"><h2>En savoir plus ?<\/h2><\/p>\n<p>Int\u00e9ress\u00e9 par les possibilit\u00e9s de collaboration ?<\/p>\n<p><a title=\"Contacteer NVK\" href=\"http:\/\/www.nvk-solutions.be\/web\/contact\/\"><a class=\"button color \" href=\"http:\/\/www.nvk-solutions.be\/web\/contact\/\" > Contactez NVK Solutions <\/a> <\/a><\/div><\/div><br class=\"clear\" \/><\/p>\n","protected":false},"excerpt":{"rendered":"","protected":false},"author":4888,"featured_media":0,"parent":0,"menu_order":0,"comment_status":"closed","ping_status":"closed","template":"template-full.php","meta":[],"translation":{"provider":"WPGlobus","version":"2.8.11","language":"fr","enabled_languages":["nl","fr"],"languages":{"nl":{"title":true,"content":true,"excerpt":false},"fr":{"title":true,"content":true,"excerpt":false}}},"yoast_head":"<!-- This site is optimized with the Yoast SEO plugin v18.9 - https:\/\/yoast.com\/wordpress\/plugins\/seo\/ -->\n<title>Over NVK SolutionsQui sommes-nous ? - NVK Solutions - Ongebluste kalk &amp; Cement voor Grondstabilisatie<\/title>\n<meta name=\"robots\" content=\"index, follow, max-snippet:-1, max-image-preview:large, max-video-preview:-1\" \/>\n<link rel=\"canonical\" href=\"https:\/\/www.nvk-solutions.be\/over-nvk\/\" \/>\n<meta property=\"og:locale\" content=\"fr_FR\" \/>\n<meta property=\"og:type\" content=\"article\" \/>\n<meta property=\"og:title\" content=\"Over NVK SolutionsQui sommes-nous ? - NVK Solutions - Ongebluste kalk &amp; Cement voor Grondstabilisatie\" \/>\n<meta property=\"og:url\" content=\"https:\/\/www.nvk-solutions.be\/over-nvk\/\" \/>\n<meta property=\"og:site_name\" content=\"NVK Solutions - Ongebluste kalk &amp; Cement voor Grondstabilisatie\" \/>\n<meta property=\"article:modified_time\" content=\"2014-10-29T10:14:24+00:00\" \/>\n<meta name=\"twitter:label1\" content=\"Dur\u00e9e de lecture estim\u00e9e\" \/>\n\t<meta name=\"twitter:data1\" content=\"2 minutes\" \/>\n<script type=\"application\/ld+json\" class=\"yoast-schema-graph\">{\"@context\":\"https:\/\/schema.org\",\"@graph\":[{\"@type\":\"WebSite\",\"@id\":\"https:\/\/www.nvk-solutions.be\/#website\",\"url\":\"https:\/\/www.nvk-solutions.be\/\",\"name\":\"NVK Solutions - Ongebluste kalk &amp; Cement voor Grondstabilisatie\",\"description\":\"Onze ervaring, uw voordeel!\",\"potentialAction\":[{\"@type\":\"SearchAction\",\"target\":{\"@type\":\"EntryPoint\",\"urlTemplate\":\"https:\/\/www.nvk-solutions.be\/?s={search_term_string}\"},\"query-input\":\"required name=search_term_string\"}],\"inLanguage\":\"fr-FR\"},{\"@type\":\"WebPage\",\"@id\":\"https:\/\/www.nvk-solutions.be\/over-nvk\/#webpage\",\"url\":\"https:\/\/www.nvk-solutions.be\/over-nvk\/\",\"name\":\"Over NVK SolutionsQui sommes-nous ? - NVK Solutions - Ongebluste kalk &amp; Cement voor Grondstabilisatie\",\"isPartOf\":{\"@id\":\"https:\/\/www.nvk-solutions.be\/#website\"},\"datePublished\":\"2013-04-16T12:00:33+00:00\",\"dateModified\":\"2014-10-29T10:14:24+00:00\",\"description\":\"NVK Solutions is meer dan 10 jaar een gewaardeerde toeleverancier voor de bouw & industrie.\",\"breadcrumb\":{\"@id\":\"https:\/\/www.nvk-solutions.be\/over-nvk\/#breadcrumb\"},\"inLanguage\":\"fr-FR\",\"potentialAction\":[{\"@type\":\"ReadAction\",\"target\":[\"https:\/\/www.nvk-solutions.be\/over-nvk\/\"]}]},{\"@type\":\"BreadcrumbList\",\"@id\":\"https:\/\/www.nvk-solutions.be\/over-nvk\/#breadcrumb\",\"itemListElement\":[{\"@type\":\"ListItem\",\"position\":1,\"name\":\"Over NVK Solutions\"}]}]}<\/script>\n<!-- \/ Yoast SEO plugin. -->","yoast_head_json":{"title":"Over NVK SolutionsQui sommes-nous ? - NVK Solutions - Ongebluste kalk &amp; Cement voor Grondstabilisatie","robots":{"index":"index","follow":"follow","max-snippet":"max-snippet:-1","max-image-preview":"max-image-preview:large","max-video-preview":"max-video-preview:-1"},"canonical":"https:\/\/www.nvk-solutions.be\/over-nvk\/","og_locale":"fr_FR","og_type":"article","og_title":"Over NVK SolutionsQui sommes-nous ? - NVK Solutions - Ongebluste kalk &amp; Cement voor Grondstabilisatie","og_url":"https:\/\/www.nvk-solutions.be\/over-nvk\/","og_site_name":"NVK Solutions - Ongebluste kalk &amp; Cement voor Grondstabilisatie","article_modified_time":"2014-10-29T10:14:24+00:00","twitter_misc":{"Dur\u00e9e de lecture estim\u00e9e":"2 minutes"},"schema":{"@context":"https:\/\/schema.org","@graph":[{"@type":"WebSite","@id":"https:\/\/www.nvk-solutions.be\/#website","url":"https:\/\/www.nvk-solutions.be\/","name":"NVK Solutions - Ongebluste kalk &amp; Cement voor Grondstabilisatie","description":"Onze ervaring, uw voordeel!","potentialAction":[{"@type":"SearchAction","target":{"@type":"EntryPoint","urlTemplate":"https:\/\/www.nvk-solutions.be\/?s={search_term_string}"},"query-input":"required name=search_term_string"}],"inLanguage":"fr-FR"},{"@type":"WebPage","@id":"https:\/\/www.nvk-solutions.be\/over-nvk\/#webpage","url":"https:\/\/www.nvk-solutions.be\/over-nvk\/","name":"Over NVK SolutionsQui sommes-nous ? - NVK Solutions - Ongebluste kalk &amp; Cement voor Grondstabilisatie","isPartOf":{"@id":"https:\/\/www.nvk-solutions.be\/#website"},"datePublished":"2013-04-16T12:00:33+00:00","dateModified":"2014-10-29T10:14:24+00:00","description":"NVK Solutions is meer dan 10 jaar een gewaardeerde toeleverancier voor de bouw & industrie.","breadcrumb":{"@id":"https:\/\/www.nvk-solutions.be\/over-nvk\/#breadcrumb"},"inLanguage":"fr-FR","potentialAction":[{"@type":"ReadAction","target":["https:\/\/www.nvk-solutions.be\/over-nvk\/"]}]},{"@type":"BreadcrumbList","@id":"https:\/\/www.nvk-solutions.be\/over-nvk\/#breadcrumb","itemListElement":[{"@type":"ListItem","position":1,"name":"Over NVK Solutions"}]}]}},"_links":{"self":[{"href":"https:\/\/www.nvk-solutions.be\/fr\/wp-json\/wp\/v2\/pages\/21"}],"collection":[{"href":"https:\/\/www.nvk-solutions.be\/fr\/wp-json\/wp\/v2\/pages"}],"about":[{"href":"https:\/\/www.nvk-solutions.be\/fr\/wp-json\/wp\/v2\/types\/page"}],"author":[{"embeddable":true,"href":"https:\/\/www.nvk-solutions.be\/fr\/wp-json\/wp\/v2\/users\/4888"}],"replies":[{"embeddable":true,"href":"https:\/\/www.nvk-solutions.be\/fr\/wp-json\/wp\/v2\/comments?post=21"}],"version-history":[{"count":46,"href":"https:\/\/www.nvk-solutions.be\/fr\/wp-json\/wp\/v2\/pages\/21\/revisions"}],"predecessor-version":[{"id":1112,"href":"https:\/\/www.nvk-solutions.be\/fr\/wp-json\/wp\/v2\/pages\/21\/revisions\/1112"}],"wp:attachment":[{"href":"https:\/\/www.nvk-solutions.be\/fr\/wp-json\/wp\/v2\/media?parent=21"}],"curies":[{"name":"wp","href":"https:\/\/api.w.org\/{rel}","templated":true}]}}