{"id":120,"date":"2013-04-16T14:30:29","date_gmt":"2013-04-16T12:30:29","guid":{"rendered":"http:\/\/www.demo.purethemes.net\/centum\/?page_id=120"},"modified":"2019-12-12T13:15:06","modified_gmt":"2019-12-12T12:15:06","slug":"contact","status":"publish","type":"page","link":"https:\/\/www.nvk-solutions.be\/fr\/contact\/","title":{"rendered":"Contactez nous"},"content":{"rendered":"<p><iframe loading=\"lazy\" style=\"border: 0;\" src=\"https:\/\/www.google.com\/maps\/embed?pb=!1m18!1m12!1m3!1d7241.738617436448!2d5.422548729903871!3d50.898622890257236!2m3!1f0!2f0!3f0!3m2!1i1024!2i768!4f13.1!3m3!1m2!1s0x47c120094517aec7%3A0x31a2fb579abaf05e!2sNVK+Solutions!5e0!3m2!1snl!2sbe!4v1548691022594\" width=\"600\" height=\"450\" frameborder=\"0\" allowfullscreen=\"allowfullscreen\"><\/iframe><\/p>\n<div class=\"eight columns  alpha\"> <div class=\"headline no-margin\"><h4>Formulaire<\/h4><\/div><\/p>\n<p><div role=\"form\" class=\"wpcf7\" id=\"wpcf7-f910-o1\" lang=\"fr-FR\" dir=\"ltr\">\n<div class=\"screen-reader-response\"><p role=\"status\" aria-live=\"polite\" aria-atomic=\"true\"><\/p> <ul><\/ul><\/div>\n<form action=\"\/fr\/wp-json\/wp\/v2\/pages\/120#wpcf7-f910-o1\" method=\"post\" class=\"wpcf7-form init\" novalidate=\"novalidate\" data-status=\"init\">\n<div style=\"display: none;\">\n<input type=\"hidden\" name=\"_wpcf7\" value=\"910\" \/>\n<input type=\"hidden\" name=\"_wpcf7_version\" value=\"5.5.6.1\" \/>\n<input type=\"hidden\" name=\"_wpcf7_locale\" value=\"fr_FR\" \/>\n<input type=\"hidden\" name=\"_wpcf7_unit_tag\" value=\"wpcf7-f910-o1\" \/>\n<input type=\"hidden\" name=\"_wpcf7_container_post\" value=\"0\" \/>\n<input type=\"hidden\" name=\"_wpcf7_posted_data_hash\" value=\"\" \/>\n<input type=\"hidden\" name=\"_wpcf7_recaptcha_response\" value=\"\" \/>\n<\/div>\n<p>Nom de la soci\u00e9t\u00e9 \/ Nom *<br \/>\n    <span class=\"wpcf7-form-control-wrap your-name\"><input type=\"text\" name=\"your-name\" value=\"\" size=\"40\" class=\"wpcf7-form-control wpcf7-text wpcf7-validates-as-required\" aria-required=\"true\" aria-invalid=\"false\" \/><\/span> <\/p>\n<p>Adresse e-mail *<br \/>\n    <span class=\"wpcf7-form-control-wrap your-email\"><input type=\"email\" name=\"your-email\" value=\"\" size=\"40\" class=\"wpcf7-form-control wpcf7-text wpcf7-email wpcf7-validates-as-required wpcf7-validates-as-email\" aria-required=\"true\" aria-invalid=\"false\" \/><\/span> <\/p>\n<p>Num\u00e9ro de t\u00e9l\u00e9phone *<br \/>\n    <span class=\"wpcf7-form-control-wrap tele\"><input type=\"text\" name=\"tele\" value=\"\" size=\"40\" class=\"wpcf7-form-control wpcf7-text wpcf7-validates-as-required\" aria-required=\"true\" aria-invalid=\"false\" \/><\/span><\/p>\n<p>Sujet<br \/>\n    <span class=\"wpcf7-form-control-wrap your-subject\"><input type=\"text\" name=\"your-subject\" value=\"\" size=\"40\" class=\"wpcf7-form-control wpcf7-text\" aria-invalid=\"false\" \/><\/span> <\/p>\n<p>Votre message<br \/>\n    <span class=\"wpcf7-form-control-wrap your-message\"><textarea name=\"your-message\" cols=\"40\" rows=\"10\" class=\"wpcf7-form-control wpcf7-textarea\" aria-invalid=\"false\"><\/textarea><\/span> <\/p>\n\n<p><input type=\"submit\" value=\"Envoyer\" class=\"wpcf7-form-control has-spinner wpcf7-submit\" \/><\/p>\n<div class=\"wpcf7-response-output\" aria-hidden=\"true\"><\/div><\/form><\/div> <\/div>\n<div class=\"eight columns  omega\"> <div class=\"headline no-margin\"><h4>Coordonn\u00e9es<\/h4><\/div><\/p>\n<p><strong>NVK Solutions<\/strong><\/p>\n<p>Duifhuisweg 17<\/p>\n<p>3590 Diepenbeek<\/p>\n<p>BE 0859.981.709<\/p>\n<p><a title=\"Factuurwoorwaarden\" href=\"https:\/\/www.nvk-solutions.be\/fr\/verkoopvoorwaarden\/\"><br \/>\nCliquez ici pour consulter nos conditions de vente.<\/a> <\/div><br class=\"clear\" \/>\n","protected":false},"excerpt":{"rendered":"","protected":false},"author":4888,"featured_media":0,"parent":0,"menu_order":0,"comment_status":"closed","ping_status":"closed","template":"template-full.php","meta":[],"translation":{"provider":"WPGlobus","version":"2.8.11","language":"fr","enabled_languages":["nl","fr"],"languages":{"nl":{"title":true,"content":true,"excerpt":false},"fr":{"title":true,"content":true,"excerpt":false}}},"yoast_head":"<!-- This site is optimized with the Yoast SEO plugin v18.9 - https:\/\/yoast.com\/wordpress\/plugins\/seo\/ -->\n<title>Contactez nous - NVK Solutions - Ongebluste kalk &amp; Cement voor Grondstabilisatie<\/title>\n<meta name=\"robots\" content=\"index, follow, max-snippet:-1, max-image-preview:large, max-video-preview:-1\" \/>\n<link rel=\"canonical\" href=\"https:\/\/www.nvk-solutions.be\/contact\/\" \/>\n<meta property=\"og:locale\" content=\"fr_FR\" \/>\n<meta property=\"og:type\" content=\"article\" \/>\n<meta property=\"og:title\" content=\"Contactez nous - NVK Solutions - Ongebluste kalk &amp; Cement voor Grondstabilisatie\" \/>\n<meta property=\"og:url\" content=\"https:\/\/www.nvk-solutions.be\/contact\/\" \/>\n<meta property=\"og:site_name\" content=\"NVK Solutions - Ongebluste kalk &amp; Cement voor Grondstabilisatie\" \/>\n<meta property=\"article:modified_time\" content=\"2019-12-12T12:15:06+00:00\" \/>\n<meta name=\"twitter:label1\" content=\"Dur\u00e9e de lecture estim\u00e9e\" \/>\n\t<meta name=\"twitter:data1\" content=\"1 minute\" \/>\n<script type=\"application\/ld+json\" class=\"yoast-schema-graph\">{\"@context\":\"https:\/\/schema.org\",\"@graph\":[{\"@type\":\"WebSite\",\"@id\":\"https:\/\/www.nvk-solutions.be\/#website\",\"url\":\"https:\/\/www.nvk-solutions.be\/\",\"name\":\"NVK Solutions - Ongebluste kalk &amp; Cement voor Grondstabilisatie\",\"description\":\"Onze ervaring, uw voordeel!\",\"potentialAction\":[{\"@type\":\"SearchAction\",\"target\":{\"@type\":\"EntryPoint\",\"urlTemplate\":\"https:\/\/www.nvk-solutions.be\/?s={search_term_string}\"},\"query-input\":\"required name=search_term_string\"}],\"inLanguage\":\"fr-FR\"},{\"@type\":\"WebPage\",\"@id\":\"https:\/\/www.nvk-solutions.be\/contact\/#webpage\",\"url\":\"https:\/\/www.nvk-solutions.be\/contact\/\",\"name\":\"Contactez nous - NVK Solutions - Ongebluste kalk &amp; Cement voor Grondstabilisatie\",\"isPartOf\":{\"@id\":\"https:\/\/www.nvk-solutions.be\/#website\"},\"datePublished\":\"2013-04-16T12:30:29+00:00\",\"dateModified\":\"2019-12-12T12:15:06+00:00\",\"description\":\"Levering van kalksteengranulaten, ongebluste kalk, cement & Stabisol-Mix voor de bouwindustrie en grondstabilisering.\",\"breadcrumb\":{\"@id\":\"https:\/\/www.nvk-solutions.be\/contact\/#breadcrumb\"},\"inLanguage\":\"fr-FR\",\"potentialAction\":[{\"@type\":\"ReadAction\",\"target\":[\"https:\/\/www.nvk-solutions.be\/contact\/\"]}]},{\"@type\":\"BreadcrumbList\",\"@id\":\"https:\/\/www.nvk-solutions.be\/contact\/#breadcrumb\",\"itemListElement\":[{\"@type\":\"ListItem\",\"position\":1,\"name\":\"Contacteer ons\"}]}]}<\/script>\n<!-- \/ Yoast SEO plugin. -->","yoast_head_json":{"title":"Contactez nous - NVK Solutions - Ongebluste kalk &amp; Cement voor Grondstabilisatie","robots":{"index":"index","follow":"follow","max-snippet":"max-snippet:-1","max-image-preview":"max-image-preview:large","max-video-preview":"max-video-preview:-1"},"canonical":"https:\/\/www.nvk-solutions.be\/contact\/","og_locale":"fr_FR","og_type":"article","og_title":"Contactez nous - NVK Solutions - Ongebluste kalk &amp; Cement voor Grondstabilisatie","og_url":"https:\/\/www.nvk-solutions.be\/contact\/","og_site_name":"NVK Solutions - Ongebluste kalk &amp; Cement voor Grondstabilisatie","article_modified_time":"2019-12-12T12:15:06+00:00","twitter_misc":{"Dur\u00e9e de lecture estim\u00e9e":"1 minute"},"schema":{"@context":"https:\/\/schema.org","@graph":[{"@type":"WebSite","@id":"https:\/\/www.nvk-solutions.be\/#website","url":"https:\/\/www.nvk-solutions.be\/","name":"NVK Solutions - Ongebluste kalk &amp; Cement voor Grondstabilisatie","description":"Onze ervaring, uw voordeel!","potentialAction":[{"@type":"SearchAction","target":{"@type":"EntryPoint","urlTemplate":"https:\/\/www.nvk-solutions.be\/?s={search_term_string}"},"query-input":"required name=search_term_string"}],"inLanguage":"fr-FR"},{"@type":"WebPage","@id":"https:\/\/www.nvk-solutions.be\/contact\/#webpage","url":"https:\/\/www.nvk-solutions.be\/contact\/","name":"Contactez nous - NVK Solutions - Ongebluste kalk &amp; Cement voor Grondstabilisatie","isPartOf":{"@id":"https:\/\/www.nvk-solutions.be\/#website"},"datePublished":"2013-04-16T12:30:29+00:00","dateModified":"2019-12-12T12:15:06+00:00","description":"Levering van kalksteengranulaten, ongebluste kalk, cement & Stabisol-Mix voor de bouwindustrie en grondstabilisering.","breadcrumb":{"@id":"https:\/\/www.nvk-solutions.be\/contact\/#breadcrumb"},"inLanguage":"fr-FR","potentialAction":[{"@type":"ReadAction","target":["https:\/\/www.nvk-solutions.be\/contact\/"]}]},{"@type":"BreadcrumbList","@id":"https:\/\/www.nvk-solutions.be\/contact\/#breadcrumb","itemListElement":[{"@type":"ListItem","position":1,"name":"Contacteer ons"}]}]}},"_links":{"self":[{"href":"https:\/\/www.nvk-solutions.be\/fr\/wp-json\/wp\/v2\/pages\/120"}],"collection":[{"href":"https:\/\/www.nvk-solutions.be\/fr\/wp-json\/wp\/v2\/pages"}],"about":[{"href":"https:\/\/www.nvk-solutions.be\/fr\/wp-json\/wp\/v2\/types\/page"}],"author":[{"embeddable":true,"href":"https:\/\/www.nvk-solutions.be\/fr\/wp-json\/wp\/v2\/users\/4888"}],"replies":[{"embeddable":true,"href":"https:\/\/www.nvk-solutions.be\/fr\/wp-json\/wp\/v2\/comments?post=120"}],"version-history":[{"count":70,"href":"https:\/\/www.nvk-solutions.be\/fr\/wp-json\/wp\/v2\/pages\/120\/revisions"}],"predecessor-version":[{"id":1153,"href":"https:\/\/www.nvk-solutions.be\/fr\/wp-json\/wp\/v2\/pages\/120\/revisions\/1153"}],"wp:attachment":[{"href":"https:\/\/www.nvk-solutions.be\/fr\/wp-json\/wp\/v2\/media?parent=120"}],"curies":[{"name":"wp","href":"https:\/\/api.w.org\/{rel}","templated":true}]}}